{"id":13410,"date":"2022-03-11T13:47:07","date_gmt":"2022-03-11T12:47:07","guid":{"rendered":"https:\/\/beebook.si\/odredbe-i-uvjeti\/"},"modified":"2022-11-23T12:16:37","modified_gmt":"2022-11-23T11:16:37","slug":"odredbe-i-uvjeti","status":"publish","type":"page","link":"https:\/\/beebook.si\/hr\/odredbe-i-uvjeti\/","title":{"rendered":"odredbe i uvjeti"},"content":{"rendered":"<div class=\"fusion-fullwidth fullwidth-box fusion-builder-row-1 fusion-flex-container nonhundred-percent-fullwidth non-hundred-percent-height-scrolling\" style=\"--awb-border-radius-top-left:0px;--awb-border-radius-top-right:0px;--awb-border-radius-bottom-right:0px;--awb-border-radius-bottom-left:0px;--awb-flex-wrap:wrap;\" ><div class=\"fusion-builder-row fusion-row fusion-flex-align-items-flex-start fusion-flex-content-wrap\" style=\"max-width:1424.8px;margin-left: calc(-4% \/ 2 );margin-right: calc(-4% \/ 2 );\"><div class=\"fusion-layout-column fusion_builder_column fusion-builder-column-0 fusion_builder_column_1_1 1_1 fusion-flex-column\" style=\"--awb-bg-size:cover;--awb-width-large:100%;--awb-margin-top-large:0px;--awb-spacing-right-large:1.92%;--awb-margin-bottom-large:0px;--awb-spacing-left-large:1.92%;--awb-width-medium:100%;--awb-spacing-right-medium:1.92%;--awb-spacing-left-medium:1.92%;--awb-width-small:100%;--awb-spacing-right-small:1.92%;--awb-spacing-left-small:1.92%;\"><div class=\"fusion-column-wrapper fusion-flex-justify-content-flex-start fusion-content-layout-column\"><div class=\"fusion-text fusion-text-1\" style=\"--awb-text-transform:none;\"><p>Osnovne informacije<\/p>\n<p>Informacije o tvrtki<\/p>\n<p>Trgovinom Beebook.si (u daljnjem tekstu trgovina) upravlja tvrtka BEEBOOK.SI, Marica Repas s.p. (u daljnjem tekstu tvrtka)<\/p>\n<p>BEEBOOK.SI, dizajn i prodaja tiskovina,<br \/>Marica Repa\u0161<br \/>selo Dobri\u0161a 53d<br \/>3301 Petrov\u010de<\/p>\n<p>Porezni broj: 79235484 (nije obveznik PDV-a)<br \/>Mati\u010dni broj: 9031642000<br \/>TRR: SI56 6100 0002 6740 143 otvoren kod Radni\u010dke \u0161tedionice<\/p>\n<p>Autorsko pravo tvrtke<\/p>\n<p>Svi sadr\u017eaji objavljeni na www.beebook.si vlasni\u0161tvo su tvrtke i smiju se koristiti samo u nekomercijalne svrhe. Ne smiju se kopirati, reproducirati ili na bilo koji drugi na\u010din distribuirati bez dopu\u0161tenja tvrtke.<br \/>Tvrtka zadr\u017eava pravo promjene sadr\u017eaja objavljenog na web stranici www.beebook.si.<\/p>\n<p>Pristajanje na uvjete poslovanja<\/p>\n<p>Ovi op\u0107i uvjeti poslovanja odnose se na prodaju roba i usluga objavljenih na web stranici www.beebook.si, internetskoj trgovini tvrtke. Kori\u0161tenjem web stranice svaki korisnik prihva\u0107a da je upoznat s op\u0107im uvjetima poslovanja te da se s njima u cijelosti sla\u017ee. Slanjem narud\u017ebe u bilo kojem obliku smatra se da u cijelosti prihva\u0107ate ove Op\u0107e uvjete poslovanja.<\/p>\n<p>Tvrtka se obvezuje kupcu uvijek pru\u017eiti sljede\u0107e podatke:<\/p>\n<p>identitet tvrtke (naziv tvrtke i sjedi\u0161te)<br \/>kontakt podatke koji korisniku omogu\u0107uju brzu i u\u010dinkovitu komunikaciju (e-mail, adresa)<br \/>bitne karakteristike dobara ili usluga<br \/>dostupnost proizvoda (svaki proizvod ili usluga ponu\u0111ena na web stranici trebala bi biti dostupna u razumnom roku)<br \/>uvjete isporuke proizvoda ili izvr\u0161enja usluge (na\u010din, mjesto i rok isporuke)<br \/>sve cijene moraju biti jasno i nedvosmisleno odre\u0111ene te mora jasno pokazati da li ve\u0107 uklju\u010duju poreze i tro\u0161kove dostave)<br \/>na\u010din pla\u0107anja i dostave<br \/>vremenska valjanost ponude<br \/>rok u kojem je jo\u0161 mogu\u0107e odustati od ugovora i uvjete odustajanja; osim toga, tako\u0111er o tome ko\u0161ta li i koliko kupca vra\u0107a proizvod,<br \/>obja\u0161njenje postupka reklamacije, uklju\u010duju\u0107i sve podatke o kontakt osobi ili slu\u017ebi za korisnike.<\/p>\n<p>Odgovornost<\/p>\n<p>Tvrtka nije odgovorna za komplikacije i probleme koji bi nastali eventualnim nepropisnim kori\u0161tenjem roba\/usluga.<br \/>Tvrtka tako\u0111er nije odgovorna za eventualne povremene probleme u radu web stranice www.beebook.si, eventualnu neto\u010dnost informacija, kao ni za mogu\u0107u \u0161tetu nastalu kori\u0161tenjem neto\u010dnih ili nepotpunih informacija.<\/p>\n<p>Tvrtka zadr\u017eava pravo odustajanja od ugovora odn realizacija narud\u017ebe ako postoji bitna gre\u0161ka u ponudi. Temeljna pogre\u0161ka uklju\u010duje elemente na temelju kojih tvrtka ne bi pristala sklopiti ugovor. Navedene pogre\u0161ke uklju\u010duju i o\u010dite pogre\u0161ke u cijeni, koje mogu biti posljedica tehni\u010dkih i drugih problema.<br \/>Komunikacija se odvija isklju\u010divo putem web stranice i e-maila.<\/p>\n<p>Pritu\u017ebe i sporovi<\/p>\n<p>Tvrtka po\u0161tuje va\u017ee\u0107e zakone o za\u0161titi potro\u0161a\u010da. Tvrtka nastoji ispuniti svoju obvezu uspostavljanja u\u010dinkovitog sustava postupanja s pritu\u017ebama te odrediti osobu s kojom se, u slu\u010daju problema, kupac mo\u017ee kontaktirati telefonski ili e-mailom. Pritu\u017ebe se mogu podnijeti pisanim putem e-po\u0161tom na adresu: info@beebook.si. Tvrtka \u0107e u roku od tri radna dana potvrditi da je zaprimila pritu\u017ebu, obavijestiti kupca koliko \u0107e trajati njezina obrada te ga obavje\u0161tavati o tijeku postupka.<br \/>Tvrtka se trudi da se eventualni sporovi rije\u0161e mirnim putem.<\/p>\n<p>Izvansudsko rje\u0161avanje potro\u0161a\u010dkih sporova<br \/>Sukladno zakonskim normama, ne priznajemo niti jednog pru\u017eatelja usluga izvansudskog rje\u0161avanja potro\u0161a\u010dkih sporova nadle\u017enim za rje\u0161avanje potro\u0161a\u010dkog spora koji bi potro\u0161a\u010d mogao pokrenuti sukladno Zakonu o izvansudskom rje\u0161avanju potro\u0161a\u010dkih sporova. Tvrtka, koja kao ponu\u0111a\u010d roba i usluga omogu\u0107uje internetsku trgovinu na podru\u010dju Slovenije, na svojoj web stranici objavljuje elektroni\u010dku poveznicu na platformu za online rje\u0161avanje potro\u0161a\u010dkih sporova (SRPS). Platforma je potro\u0161a\u010dima dostupna na poveznici OVDJE.<\/p>\n<p>Navedena uredba proizlazi iz Zakona o izvansudskom rje\u0161avanju potro\u0161a\u010dkih sporova, Uredbe (EU) br. 524\/2013 Europskog parlamenta i Vije\u0107a o internetskom rje\u0161avanju potro\u0161a\u010dkih sporova i izmjeni Uredbe (EZ) br. 2006\/2004 i Direktiva 2009\/22\/EZ.<\/p>\n<p>Za\u0161tita osobnih podataka<\/p>\n<p>Tvrtka se obvezuje \u010duvati povjerljivost osobnih podataka i privatnost korisnika internetske trgovine. Dru\u0161tvo \u0107e prikupljene osobne podatke koristiti isklju\u010divo za pru\u017eanje usluga koje nudi. Tvrtka po\u0161tuje povjerljivost osobnih podataka i privatnost korisnika internetske trgovine, stoga \u0107e u\u010diniti sve da ih za\u0161titi od bilo kakvih povreda i zlouporaba. Osobni podaci korisnika jedno su od podru\u010dja kojem tvrtka posve\u0107uje izuzetnu brigu i pa\u017enju, svjesna osjetljive prirode ovog podru\u010dja.<\/p>\n<p>Prijenos osobnih podataka korisnika tvrtki nu\u017ean je u odre\u0111enim slu\u010dajevima kako bi izvr\u0161itelj obrade kao davatelj mogao ispuniti svoje ugovorne obveze prema korisniku. Pru\u017eatelj trajno \u0161titi prikupljene osobne podatke u skladu sa Zakonom o za\u0161titi osobnih podataka (Slu\u017ebeni glasnik RS, broj 94\/07) (ZVOP-1), Zakonom o elektroni\u010dkim komunikacijama (Slu\u017ebeni glasnik RS, broj 109\/ 12, 110\/13, 40 \/14 \u2013 ZIN-B, 54\/14 \u2013 od.US, 81\/15 i 40\/17) i Op\u0107e uredbe o za\u0161titi podataka (GDPR).<\/p>\n<p>Kori\u0161tenje osobnih podataka<\/p>\n<p>Za potrebe pru\u017eanja usluga koje nudi, tvrtka prikuplja, upravlja, obra\u0111uje i pohranjuje sljede\u0107e korisni\u010dke podatke:<\/p>\n<p>ime i prezime<br \/>adrese za dostavu<br \/>tvrtka ili naziv pravne osobe (ako je korisnik pravna osoba)<br \/>porezni broj pravne osobe (ako je korisnik pravna osoba)<br \/>email adresa (korisni\u010dko ime)<br \/>lozinku u \u0161ifriranom obliku<br \/>kontakt telefon<br \/>zemlja prebivali\u0161ta<br \/>ostale podatke koje korisnik dobrovoljno unese u obrasce u internetskoj trgovini<br \/>ostale podatke koje korisnik dobrovoljno naknadno doda na svoj profil<\/p>\n<p>Tvrtka ne odgovara za ispravnost, potpunost i a\u017eurnost podataka koje unose korisnici.<br \/>Pru\u017eatelj ne proslje\u0111uje podatke tre\u0107im stranama, osim ugovornim osobama s kojima pru\u017eatelj ima sklopljen ugovor o za\u0161titi osobnih podataka i koji su ugovorno vezani na iste standarde za\u0161tite osobnih podataka kao i pru\u017eatelj.<br \/>Davatelj prikuplja osobne podatke uz izri\u010ditu privolu odn pristankom pojedinaca. Pohranjuje privole zajedno s njihovim sadr\u017eajem i sadr\u017eajem obrasca s kojim su dobivene.<br \/>Pru\u017eatelj \u010duva zbirke osobnih podataka u Republici Sloveniji i ne iznosi ih u druge dr\u017eave.<\/p>\n<p>Namjena kori\u0161tenja<\/p>\n<p>Osobni podaci dobiveni putem web stranice www.beebook.si u svrhu obavljanja online kupnje koriste se isklju\u010divo za potrebe izvr\u0161enja i dostave narud\u017ebe.<\/p>\n<p>Privolu za pohranu, obradu i proslje\u0111ivanje osobnih podataka sudjelovanjem u nagradnim igrama ili prijavom na newslettere putem e-maila, korisnik dopu\u0161ta tvrtki da proslije\u0111ene osobne podatke obra\u0111uje i \u010duva u skladu sa Zakonom o za\u0161titi osobnih podataka. Uz danu privolu, korisnik dopu\u0161ta tvrtki kao voditelju zbirke osobnih podataka obradu prikupljenih osobnih podataka za potrebe uzorkovanja, anketiranja i statisti\u010dke obrade podataka, za utvr\u0111ivanje kori\u0161tenja usluga, prilagodbu ponude i segmentaciju. , za istra\u017eivanje tr\u017ei\u0161ta, informiranje o ponudi, novitetima i pogodnostima, za slanje novosti putem e-maila, telefonskog broja ili Facebook Messengera i drugog reklamnog materijala, informiranje korisnika o uslugama online centra www.beebook.si i povezanih osoba te za druge oblike kori\u0161tenja dostavljenih podataka na koje korisnik web stranice izri\u010dito pristaje<\/p>\n<p>Navedene podatke dru\u0161tvo mo\u017ee obra\u0111ivati \u200b\u200bza svoje potrebe do opoziva privole zahtjevom za brisanjem osobnih podataka iz baze podataka, a u suprotnom samo onoliko dugo koliko je prijeko potrebno za postizanje svrhe za koju su podaci prikupljeni. , tj. 3 mjeseca za sudionike nagradne igre, 10 godina za dobitnike nagradne igre i do odjave pretplatnika s newslettera, odnosno do prestanka djelovanja operatora na tr\u017ei\u0161tu. Tijekom upravljanja osobnim podacima, pojedinac ima mogu\u0107nost uvida i a\u017euriranja podataka u bazi podataka na zahtjev.<\/p>\n<p>Pojedinac se u bilo kojem trenutku mo\u017ee odjaviti od primanja poruka putem pojedina\u010dnih komunikacijskih kanala e-po\u0161tom na info@beebook.si.<\/p>\n<p>Oglasne poruke bit \u0107e jasno vidljive (uzimaju\u0107i u obzir dob) i jasno odvojene od igara i natjecanja. Svaka komunikacija namijenjena djeci bit \u0107e primjerena dobi i ne\u0107e iskori\u0161tavati dje\u010dju pouzdanost, nedostatak iskustva ili osje\u0107aj odanosti. Davatelj ne smije prihva\u0107ati narud\u017ebe od nekoga za koga zna ili sumnja da je dijete bez izri\u010ditog dopu\u0161tenja njegovih roditelja ili skrbnika.<\/p>\n<p>Briga o djeci<\/p>\n<p>Davatelj ne smije prihvatiti nikakve osobne podatke koji se ti\u010du \u200b\u200bdjece bez izri\u010ditog dopu\u0161tenja njihovih roditelja ili skrbnika. Isto tako, pru\u017eatelj ne smije predati podatke dobivene od djece tre\u0107oj strani, osim roditeljima ili skrbnicima. Davatelj ne smije nuditi besplatan pristup proizvodima ili uslugama koji su \u0161tetni za djecu.<\/p>\n<p>Pravo na obavijest i brisanje<\/p>\n<p>Imate pravo na informacije o Va\u0161im osobnim podacima koje imamo, kao i pravo na brisanje tih podataka. Ako imate pitanja o brisanju, obradi a<\/p>\n<p>o kori\u0161tenju va\u0161ih podataka obratite se na: info@beebook.si ili nam po\u0161aljite zahtjev po\u0161tom.<\/p>\n<p>Obavijesti o statusu narud\u017ebe: Zadr\u017eavamo pravo obavijestiti vas putem SMS-a na telefonski broj koji ste unijeli tijekom procesa naru\u010divanja kada je va\u0161a narud\u017eba otpremljena ili kada bude spremna za osobno preuzimanje.<\/p>\n<p>Obavijesti: Nakon prijave za primanje obavijesti, va\u0161e ime, telefonski broj i adresa e-po\u0161te koristit \u0107e se uz va\u0161e dopu\u0161tenje u promotivne svrhe dok ne otka\u017eete pretplatu na obavijesti. Za primanje obavijesti prijavljeni ste samo ako je prilikom narud\u017ebe ozna\u010dena posebna ku\u0107ica koja vam omogu\u0107uje pretplatu na obavijesti.<\/p>\n<p>Iz baze primatelja obavijesti mo\u017eete se u svakom trenutku odjaviti porukom na info@beebook.si.<br \/>Za odjavu s periodi\u010dnih promotivnih SMS poruka odgovorite na primljenu SMS poruku s tekstom &#8220;Odjava&#8221; i Va\u0161 \u0107e broj telefona biti uklonjen iz baze primatelja poruka.<\/p>\n<p>Svaki pojedinac \u010dije osobne podatke pru\u017eatelj prikuplja, pohranjuje i obra\u0111uje ima sljede\u0107a prava u vezi s tim podacima:<\/p>\n<p>Pravo na zaborav \u2013 ako pojedinac vi\u0161e ne \u017eeli da se njegovi osobni podaci koje je izvr\u0161itelj obrade pohranio i obra\u0111uje te pod uvjetom da ne postoje opravdani razlozi za njihovo daljnje pohranjivanje, od izvr\u0161itelja obrade mo\u017ee se u bilo kojem trenutku zatra\u017eiti brisanje njegovih podataka.<br \/>Pravo znati koliko se dugo \u010duvaju osobni podaci.<br \/>Pravo tra\u017eiti ispravak, brisanje ili podnijeti prigovor.<br \/>Pravo na prenosivost &#8211; pojedinac mo\u017ee, u mjeri u kojoj \u017eeli, od izvr\u0161itelja obrade zatra\u017eiti da mu dostavi osobne podatke koji se na njega odnose, a koje je dao voditelju obrade, u strukturiranom, uobi\u010dajeno kori\u0161tenom i strojno \u010ditljivom formatu.<br \/>Pravo na pravni lijek i sankcije &#8211; pojedinac ima pravo podnijeti prigovor nadzornom tijelu, kao i pravo na pravni lijek protiv odluke nadzornog tijela ili, u slu\u010daju nepostupanja nadzornog tijela, pravo na pravni lijek protiv odluke nadzornog tijela. na naknadu i odgovornost.<br \/>Pravo da ne bude podvrgnut mjerama koje proizlaze isklju\u010divo iz profiliranja, analize ili predvi\u0111anja kori\u0161tenjem automatiziranih sredstava obrade.<br \/>Pravo na povla\u010denje privole &#8211; pojedinac ima pravo povu\u0107i privolu za daljnju obradu osobnih podataka, posebice u slu\u010daju izravnog marketinga<\/p>\n<p>Postupak za ostvarivanje prava<\/p>\n<p>Upoznat sam da sve gore navedene zahtjeve u vezi s ostvarivanjem prava u vezi s osobnim podacima mogu uputiti pisanim putem voditelju obrade i to na e-mail adresu info@beebook.si<br \/>Upoznat sam da u svrhu pouzdane identifikacije, u slu\u010daju ostvarivanja prava u vezi s osobnim podacima, administrator mo\u017ee od mene zatra\u017eiti dodatne podatke, a mo\u017ee odbiti poduzimanje radnji samo ako doka\u017ee da me ne mo\u017ee pouzdano identificirati.<br \/>Upoznat sam da voditelj obrade mora odgovoriti na moj zahtjev, kojim ostvarujem svoja prava u vezi s gore navedenim osobnim podacima, bez nepotrebnog odga\u0111anja, a najkasnije u roku od mjesec dana od primitka zahtjeva.<\/p>\n<p>Dru\u0161tvo \u010duva osobne podatke pojedinca do opoziva privole za pohranu i obradu podataka pojedinca. Korisnik mo\u017ee opozvati svoju privolu za primanje elektroni\u010dkih poruka (\u0161to mo\u017ee u\u010diniti slanjem pisanog zahtjeva davatelju na e-mail adresu info@beebook.si) ili zatra\u017eiti da tvrtka odmah u\u010dinkovito i trajno izbri\u0161e njegove osobne podatke potpunim brisanjem korisni\u010dki profil korisnika kod davatelja usluga.<\/p>\n<p>Proces kupnje<\/p>\n<p>Naru\u010divanje robe i usluga<\/p>\n<p>U internetskoj trgovini www.beebook.si robu i usluge mo\u017eete naru\u010diti na sljede\u0107i na\u010din: Putem obrasca u internetskoj trgovini.<br \/>Prilikom narud\u017ebe putem obrasca na web stranici obavezno je navesti broj telefona na koji \u0107emo Vas mo\u0107i besplatno obavje\u0161tavati o tijeku narud\u017ebe (sve pristigle SMS poruke su za Vas besplatne) i e-mail adresu na kojoj \u0161aljemo potvrdu narud\u017ebe. Za otkazivanje narud\u017ebe pogledajte uvjete otkazivanja.<\/p>\n<p>Kupoprodajni ugovor (narud\u017eba) pohranjen je u elektroni\u010dkom obliku na poslu\u017eitelju davatelja usluga, a kupac mu mo\u017ee pristupiti pisanim zahtjevom putem elektroni\u010dke po\u0161te na info@beebook.si. Ra\u010dun se \u010duva u sjedi\u0161tu tvrtke.<\/p>\n<p>Proces kupnje<\/p>\n<p>Kupnju mo\u017eete obaviti na svim web stranicama tvrtke tako da svoje podatke unesete u narud\u017ebenicu i kliknete na gumb Narud\u017eba.<\/p>\n<p>Odabir proizvoda: U obrascu za narud\u017ebu odabirete odgovaraju\u0107i proizvod odn koli\u010dinu koju \u017eelite naru\u010diti. Prije klika na gumb za naru\u010divanje, informacije o proizvodu koji naru\u010dujete uvijek su dostupne na web stranici.<\/p>\n<p>Potvrda narud\u017ebe: kada naru\u010dite, bit \u0107ete preusmjereni na web stranicu s porukom da je va\u0161a narud\u017eba prihva\u0107ena. Osim toga, na upisanu e-mail adresu dobit \u0107ete potvrdu narud\u017ebe sa svim podacima o vrsti proizvoda, koli\u010dini, kona\u010dnoj cijeni i roku isporuke.<\/p>\n<p>Otkazivanje narud\u017ebe: Narud\u017eba se smatra potvr\u0111enom ako kupac ne otka\u017ee narud\u017ebu. Po primitku potvrde narud\u017ebe, tvrtka provjerava stanje zaliha odn mogu\u0107nost dostave. Ukoliko artikal nije mogu\u0107e isporu\u010diti u pisanom roku, kupac \u0107e o tome biti obavije\u0161ten na navedeni broj telefona ili email adresa. Kupac mo\u017ee otkazati narud\u017ebu odgovorom na e-mail primljen u trenutku narud\u017ebe ili poziva na broj telefona objavljen na web stranici do 23:59 na dan kupnje. Kasnije otkazivanje narud\u017ebe vi\u0161e nije mogu\u0107e zbog personaliziranih artikala.<\/p>\n<p>Dostava: Tvrtka priprema i otprema robu dogovorenim na\u010dinom otpreme u dogovorenom roku.<\/p>\n<p>Otkazivanje i izmjena narud\u017ebe<\/p>\n<p>Nakon odabira robe, a prije predaje narud\u017ebe u ko\u0161aricu\/na blagajni, kupac mo\u017ee pregledati cjelokupni sadr\u017eaj narud\u017ebe, uklju\u010duju\u0107i koli\u010dinu i cijenu, te ispraviti eventualne pogre\u0161ke ili naru\u010dena koli\u010dina.<\/p>\n<p>Kupac mo\u017ee otkazati ili promijeniti svoju narud\u017ebu tako da na web stranici postavi novu narud\u017ebu s novim podacima, te slanjem zahtjeva za otkazivanje narud\u017ebe na e-mail adresu info@beebok.si. Kupac tako\u0111er mo\u017ee otkazati ili promijeniti narud\u017ebu putem telefona na broj 070 849 527. Narud\u017ebu je mogu\u0107e promijeniti ili otkazati do 23:59 na dan zaprimanja narud\u017ebe, naknadna promjena ili otkazivanje narud\u017ebe vi\u0161e nije mogu\u0107e zbog personalizacije stavke.<\/p>\n<p>Metode Pla\u010danja<\/p>\n<p>Proizvode pla\u0107ate pouze\u0107em, putem paypala ili po predra\u010dunu. Paket \u0107e biti poslan putem Po\u0161te Slovenije. Ukoliko niste dostupni u trenutku dostave, paket \u0107e vas \u010dekati u najbli\u017eem po\u0161tanskom uredu, te \u0107ete dobiti obavijest o po\u0161iljci.<\/p>\n<p>Tro\u0161ak dostave i pakiranja je 3,59 EUR.<\/p>\n<p>Cijene i popusti<\/p>\n<p>Sve cijene navedene na web stranici izra\u017eene su u eurima i ne uklju\u010duju PDV jer tvrtka nije porezni obveznik. Izdani ra\u010dun osim cijene proizvoda uklju\u010duje i tro\u0161kove dostave u iznosu navedenom na narud\u017ebenici. Promotivne ponude (popusti) mogu biti tjedne ili dnevne, formiraju se ovisno o potra\u017enji i raspolo\u017eivim zalihama.<\/p>\n<p>Tvrtke ili obveznici PDV-a prilikom narud\u017ebe moraju dostaviti identifikacijski broj ili porezni broj. Cijene vrijede od 20. listopada 2020. do otkazivanja ili promjene.<\/p>\n<p>Online cijena je cijena dostupna svim korisnicima internet trgovine.Online cijena vrijedi i u slu\u010daju telefonske narud\u017ebe, kada se podaci o kupcu i narud\u017eba predaju u sustav digitalno putem online obrasca.<\/p>\n<p>Promotivna cijena je cijena koja vrijedi samo ograni\u010deno vremensko razdoblje. Ovo je razdoblje odre\u0111eno datumom, ali se mo\u017ee produljiti u skladu s tim u slu\u010daju dostupnosti zaliha.<\/p>\n<p>Cijena uz kupon je cijena koja vrijedi u slu\u010daju aktiviranog kupona za popust na web stranici.<\/p>\n<p>Kuponi za popust<\/p>\n<p>Prilikom narud\u017ebe kupac mo\u017ee unijeti promotivni kupon, ukoliko isti u tom trenutku postoji, \u010dime se umanjuje vrijednost artikla, a time i ukupna vrijednost narud\u017ebe.<br \/>Kupon mo\u017ee vrijediti za odre\u0111eni iznos popusta, besplatnu dostavu ili poklon uklju\u010den uz narud\u017ebu. Upotreba, valjanost i namjena kupona su jasno navedeni.<\/p>\n<p>Kuponi se ne zbrajaju, tako da mo\u017eete iskoristiti samo jedan va\u017ee\u0107i kupon po narud\u017ebi.<\/p>\n<p>Dodatne usluge uz narud\u017ebu<\/p>\n<p>Prioritetna isporuka (na po\u010detku reda): Prije slanja narud\u017ebe mo\u017eete provjeriti opciju prioritetne obrade, \u0161to zna\u010di da \u0107e narud\u017eba biti obra\u0111ena prije svih ostalih. Usluga se dodatno napla\u0107uje u iznosu od 1,99 eura. Ukoliko se narud\u017eba ne mo\u017ee obraditi prije svih ostalih, kupac \u0107e o tome biti obavije\u0161ten na upisani broj telefona ili email adresa. U slu\u010daju da se narud\u017eba ne mo\u017ee obraditi na navedeni na\u010din, tvrtka \u0107e izvr\u0161iti povrat iznosa napla\u0107ene usluge. Prioritetna obrada narud\u017ebe ne zna\u010di da \u0107e proizvod biti isporu\u010den kupcu isti ili sljede\u0107i radni dan, ve\u0107 da \u0107e narud\u017eba biti obra\u0111ena i poslana prije ostalih narud\u017ebi koje nemaju<\/p>\n<p>odabrana prioritetna otprema.<\/p>\n<p>Pakiranje poklona: Prije narud\u017ebe mo\u017eete ozna\u010diti opciju pakiranja poklona, \u200b\u200b\u0161to zna\u010di da \u0107emo odabrane artikle poklon zamotati u papir za pakiranje.<\/p>\n<p>Posebne ponude na blagajni<\/p>\n<p>Online upsell: Upsell ili after-sale ponuda je ponuda za korisnike beebook.si koji su upravo dovr\u0161ili (predali) narud\u017ebu. Ponuda je vremenski ograni\u010dena i prilago\u0111ena ve\u0107 zadanoj narud\u017ebi, ista sni\u017eenja cijena u redovnoj ponudi ne mogu se ostvariti bez zadane narud\u017ebe. Tako\u0111er, vrijednost dodanih artikala u nadprodaji NE utje\u010de na dodatne pogodnosti vezane uz ukupnu vrijednost redovne narud\u017ebe (besplatna dostava iznad 60 \u20ac, besplatni darovi vezani uz vrijednost narud\u017ebe, &#8230;).<\/p>\n<h2 class=\"wp-block-heading\">Povla\u010denje iz ugovora, jamstvo i povrat novca<\/h2>\n<h2>Kola\u010di\u0107i i ogla\u0161avanje<\/h2>\n<\/div><\/div><\/div><\/div><\/div>","protected":false},"excerpt":{"rendered":"","protected":false},"author":1,"featured_media":0,"parent":0,"menu_order":0,"comment_status":"closed","ping_status":"open","template":"","meta":{"footnotes":""},"class_list":["post-13410","page","type-page","status-publish","hentry"],"_links":{"self":[{"href":"https:\/\/beebook.si\/hr\/wp-json\/wp\/v2\/pages\/13410","targetHints":{"allow":["GET"]}}],"collection":[{"href":"https:\/\/beebook.si\/hr\/wp-json\/wp\/v2\/pages"}],"about":[{"href":"https:\/\/beebook.si\/hr\/wp-json\/wp\/v2\/types\/page"}],"author":[{"embeddable":true,"href":"https:\/\/beebook.si\/hr\/wp-json\/wp\/v2\/users\/1"}],"replies":[{"embeddable":true,"href":"https:\/\/beebook.si\/hr\/wp-json\/wp\/v2\/comments?post=13410"}],"version-history":[{"count":2,"href":"https:\/\/beebook.si\/hr\/wp-json\/wp\/v2\/pages\/13410\/revisions"}],"predecessor-version":[{"id":16012,"href":"https:\/\/beebook.si\/hr\/wp-json\/wp\/v2\/pages\/13410\/revisions\/16012"}],"wp:attachment":[{"href":"https:\/\/beebook.si\/hr\/wp-json\/wp\/v2\/media?parent=13410"}],"curies":[{"name":"wp","href":"https:\/\/api.w.org\/{rel}","templated":true}]}}